{"id":354,"date":"2025-09-17T21:56:37","date_gmt":"2025-09-17T19:56:37","guid":{"rendered":"https:\/\/toppcamp.no\/?page_id=354"},"modified":"2025-09-17T22:00:45","modified_gmt":"2025-09-17T20:00:45","slug":"nyheter","status":"publish","type":"page","link":"https:\/\/toppcamp.no\/en\/nyheter\/","title":{"rendered":"Nyheter fra Toppcamp"},"content":{"rendered":"<div class=\"toppcamp-post-excerpts\"><article class=\"toppcamp-post-excerpts__item post-321 post type-post status-publish format-standard has-post-thumbnail hentry category-artikkel\"><a class=\"toppcamp-post-excerpts__thumb\" href=\"https:\/\/toppcamp.no\/en\/2025\/09\/17\/brannhemmende-fortelt\/\"><img decoding=\"async\" width=\"1024\" height=\"682\" src=\"https:\/\/toppcamp.no\/wp-content\/uploads\/2025\/09\/toppcamp-borre-1024x682.jpg\" class=\"toppcamp-post-excerpts__image wp-post-image\" alt=\"\" loading=\"lazy\" \/><\/a><h2 class=\"toppcamp-post-excerpts__title\"><a href=\"https:\/\/toppcamp.no\/en\/2025\/09\/17\/brannhemmende-fortelt\/\">\u2013 Brannhemmende fortelt<\/a><\/h2><div class=\"toppcamp-post-excerpts__meta\">17.09.2025<\/div><div class=\"toppcamp-post-excerpts__excerpt\"><p>Fastmontert og isolert fortelt gir deg en ny ro p\u00e5 campingplassen. Hos Toppcamp f\u00e5r du personlig oppf\u00f8lging, h\u00f8y kvalitet og l\u00f8sninger som fungerer uansett v\u00e6r og sesong.<\/p>\n<p>Det hele startet da B\u00f8rre Pedersen, blikkenslager og campingentusiast, s\u00e5 hvordan mange fortelt kunne v\u00e6rt b\u00e5de penere og mer praktiske. Han visste at det gikk an \u00e5 gj\u00f8re det bedre.<\/p>\n<\/div><a class=\"toppcamp-post-excerpts__read-more\" href=\"https:\/\/toppcamp.no\/en\/2025\/09\/17\/brannhemmende-fortelt\/\">Les mer...<\/a><\/article><article class=\"toppcamp-post-excerpts__item post-320 post type-post status-publish format-standard has-post-thumbnail hentry category-annonse\"><a class=\"toppcamp-post-excerpts__thumb\" href=\"https:\/\/toppcamp.no\/en\/2017\/09\/06\/annonse\/\"><img decoding=\"async\" width=\"800\" height=\"565\" src=\"https:\/\/toppcamp.no\/wp-content\/uploads\/2017\/09\/Annonse-2025.jpg\" class=\"toppcamp-post-excerpts__image wp-post-image\" alt=\"\" loading=\"lazy\" \/><\/a><h2 class=\"toppcamp-post-excerpts__title\"><a href=\"https:\/\/toppcamp.no\/en\/2017\/09\/06\/annonse\/\">Annonse<\/a><\/h2><div class=\"toppcamp-post-excerpts__meta\">06.09.2017<\/div><a class=\"toppcamp-post-excerpts__read-more\" href=\"https:\/\/toppcamp.no\/en\/2017\/09\/06\/annonse\/\">Les mer...<\/a><\/article><\/div>\n","protected":false},"excerpt":{"rendered":"","protected":false},"author":2,"featured_media":0,"parent":0,"menu_order":0,"comment_status":"closed","ping_status":"closed","template":"","meta":{"ngg_post_thumbnail":0,"footnotes":""},"class_list":["post-354","page","type-page","status-publish","hentry"],"_links":{"self":[{"href":"https:\/\/toppcamp.no\/en\/wp-json\/wp\/v2\/pages\/354","targetHints":{"allow":["GET"]}}],"collection":[{"href":"https:\/\/toppcamp.no\/en\/wp-json\/wp\/v2\/pages"}],"about":[{"href":"https:\/\/toppcamp.no\/en\/wp-json\/wp\/v2\/types\/page"}],"author":[{"embeddable":true,"href":"https:\/\/toppcamp.no\/en\/wp-json\/wp\/v2\/users\/2"}],"replies":[{"embeddable":true,"href":"https:\/\/toppcamp.no\/en\/wp-json\/wp\/v2\/comments?post=354"}],"version-history":[{"count":1,"href":"https:\/\/toppcamp.no\/en\/wp-json\/wp\/v2\/pages\/354\/revisions"}],"predecessor-version":[{"id":355,"href":"https:\/\/toppcamp.no\/en\/wp-json\/wp\/v2\/pages\/354\/revisions\/355"}],"wp:attachment":[{"href":"https:\/\/toppcamp.no\/en\/wp-json\/wp\/v2\/media?parent=354"}],"curies":[{"name":"wp","href":"https:\/\/api.w.org\/{rel}","templated":true}]}}