{"id":22,"date":"2017-09-06T09:36:26","date_gmt":"2017-09-06T07:36:26","guid":{"rendered":"http:\/\/topcamp.45webs.com\/?page_id=22"},"modified":"2018-02-20T20:04:39","modified_gmt":"2018-02-20T19:04:39","slug":"om-oss","status":"publish","type":"page","link":"https:\/\/toppcamp.no\/en\/om-oss\/","title":{"rendered":"Om oss"},"content":{"rendered":"<p>Drammen Isolering og Blikkenslagerforretning har i mange \u00e5r utf\u00f8rt alt innen arbeid for blikkenslager, eksempelvis; takarbeid og taksikring, teknisk isolasjon, pipebeslag, brannsikring og ventilasjon. Og har siden oppstart levert l\u00f8sninger og arbeider som varer i \u00e5revis.<\/p>\n<p>Vi i Drammen Isolering og Blikkenslagerforretning er en godkjent oppl\u00e6ringsbedrift innen faget; blikkenslager.<br \/>\nMen vi kan tilby mer enn de mest vanlige tjenestene for en blikkenslager.<\/p>\n<h3>Blikkenslager som leverand\u00f8r av mange typer isolerte fortelt<\/h3>\n<p>I dag er vi ogs\u00e5 en leverand\u00f8r av isolerte fortelt som spikertelt og fast fortelt.<\/p>\n<p>Vi har i mange \u00e5r sett relevansen med \u00e5 utvide v\u00e5re arbeidsomr\u00e5der fra kun blikkenslager til fortelt for campingvogner. Isolering i en bolig og et fortelt er tuftet p\u00e5 samme premisser. Det skal v\u00e6re i kvalitet og skal s\u00f8rge for at du og din familie f\u00e5r fine ferieminner med campinglivet eller trygg bosituasjonen med profesjonelle tjenester av en blikkenslager.<\/p>\n<p>Ikke n\u00f8l med \u00e5 ta kontakt!<\/p>\n","protected":false},"excerpt":{"rendered":"<p>Drammen Isolering og Blikkenslagerforretning har i mange \u00e5r utf\u00f8rt alt innen arbeid for blikkenslager, eksempelvis; takarbeid og taksikring, teknisk isolasjon, pipebeslag, brannsikring og ventilasjon. Og har siden oppstart levert l\u00f8sninger og arbeider som varer i \u00e5revis. Vi i Drammen Isolering og Blikkenslagerforretning er en godkjent oppl\u00e6ringsbedrift innen faget; blikkenslager. Men vi kan tilby mer enn [&hellip;]<\/p>\n","protected":false},"author":9,"featured_media":119,"parent":0,"menu_order":0,"comment_status":"closed","ping_status":"closed","template":"page-awards.php","meta":{"ngg_post_thumbnail":0,"footnotes":""},"class_list":["post-22","page","type-page","status-publish","has-post-thumbnail","hentry"],"_links":{"self":[{"href":"https:\/\/toppcamp.no\/en\/wp-json\/wp\/v2\/pages\/22","targetHints":{"allow":["GET"]}}],"collection":[{"href":"https:\/\/toppcamp.no\/en\/wp-json\/wp\/v2\/pages"}],"about":[{"href":"https:\/\/toppcamp.no\/en\/wp-json\/wp\/v2\/types\/page"}],"author":[{"embeddable":true,"href":"https:\/\/toppcamp.no\/en\/wp-json\/wp\/v2\/users\/9"}],"replies":[{"embeddable":true,"href":"https:\/\/toppcamp.no\/en\/wp-json\/wp\/v2\/comments?post=22"}],"version-history":[{"count":3,"href":"https:\/\/toppcamp.no\/en\/wp-json\/wp\/v2\/pages\/22\/revisions"}],"predecessor-version":[{"id":169,"href":"https:\/\/toppcamp.no\/en\/wp-json\/wp\/v2\/pages\/22\/revisions\/169"}],"wp:featuredmedia":[{"embeddable":true,"href":"https:\/\/toppcamp.no\/en\/wp-json\/wp\/v2\/media\/119"}],"wp:attachment":[{"href":"https:\/\/toppcamp.no\/en\/wp-json\/wp\/v2\/media?parent=22"}],"curies":[{"name":"wp","href":"https:\/\/api.w.org\/{rel}","templated":true}]}}